{"id":285,"date":"2020-07-15T07:44:53","date_gmt":"2020-07-15T07:44:53","guid":{"rendered":"https:\/\/kerstinger.hafners.eu\/cms\/?page_id=285"},"modified":"2020-07-15T15:06:46","modified_gmt":"2020-07-15T15:06:46","slug":"kkontakt","status":"publish","type":"page","link":"https:\/\/kerstinger.hafners.eu\/cms\/index.php\/kkontakt\/","title":{"rendered":"IMPRESSUM"},"content":{"rendered":"<p>[et_pb_section fb_built=&#8220;1&#8243; _builder_version=&#8220;4.5.1&#8243; _module_preset=&#8220;default&#8220; background_color=&#8220;#000000&#8243; background_enable_image=&#8220;off&#8220; vertical_offset_tablet=&#8220;0&#8243; horizontal_offset_tablet=&#8220;0&#8243; width=&#8220;100%&#8220; max_width=&#8220;100%&#8220; hover_enabled=&#8220;0&#8243; z_index_tablet=&#8220;0&#8243; border_color_all=&#8220;#857040&#8243; border_width_top=&#8220;2px&#8220; border_color_top=&#8220;#857040&#8243; box_shadow_horizontal_tablet=&#8220;0px&#8220; box_shadow_vertical_tablet=&#8220;0px&#8220; box_shadow_blur_tablet=&#8220;40px&#8220; box_shadow_spread_tablet=&#8220;0px&#8220; border_width_bottom=&#8220;2px&#8220;][et_pb_row _builder_version=&#8220;4.5.1&#8243; _module_preset=&#8220;default&#8220;][et_pb_column type=&#8220;4_4&#8243; _builder_version=&#8220;3.25&#8243; custom_padding=&#8220;|||&#8220; custom_padding__hover=&#8220;|||&#8220;][et_pb_text _builder_version=&#8220;4.5.1&#8243; _module_preset=&#8220;default&#8220;]<\/p>\n<h1><strong><span style=\"color: #857040;\">IMPRESSUM<\/span><\/strong><\/h1>\n<p><strong><span style=\"color: #857040;\"><\/span><\/strong><\/p>\n<p><span style=\"color: #857040;\">Informationspflicht laut \u00a75 E-Commerce Gesetz, \u00a714 Unternehmensgesetzbuch, \u00a763 Gewerbeordnung und Offenlegungspflicht laut \u00a725 Mediengesetz.<\/span><\/p>\n<p><span style=\"color: #857040;\">Weingut Kerstinger<\/span><br \/><span style=\"color: #857040;\">Gerald Heincz und Mitges.<\/span><br \/><span style=\"color: #857040;\">Hofstatt 17<\/span><br \/><span style=\"color: #857040;\">7311 Neckenmarkt<\/span><br \/><span style=\"color: #857040;\">\u00d6sterreich<\/span><br \/><span style=\"color: #857040;\"><strong style=\"font-size: 14px;\">Tel.:<\/strong><span style=\"font-size: 14px;\">\u00a00664\/5105295<br \/><\/span><strong style=\"font-size: 14px;\">E-Mail:<\/strong><span style=\"font-size: 14px;\">\u00a0<\/span><a style=\"font-size: 14px; color: #857040;\" href=\"mailto:office@hafners.at\">wein@kerstinger.at<\/a><span style=\"font-size: 14px;\"><br \/><\/span><\/span><\/p>\n<p><span style=\"color: #857040;\">\u00a0<\/span><\/p>\n<p><span style=\"color: #857040;\"><strong style=\"font-size: 14px;\">Unternehmensgegenstand:<br \/><\/strong><strong style=\"font-size: 14px;\">UID-Nummer:<\/strong><span style=\"font-size: 14px;\">\u00a0<\/span><span style=\"font-size: 14px;\"><br \/><\/span><\/span><\/p>\n<p><span style=\"color: #857040;\"><strong style=\"font-size: 14px;\">Mitglied bei:<\/strong><span style=\"font-size: 14px;\">\u00a0<br \/><\/span><strong style=\"font-size: 14px;\">Berufsrecht:<\/strong><span style=\"font-size: 14px;\">\u00a0<\/span><span style=\"font-size: 14px;\"><br \/><\/span><\/span><\/p>\n<p><span style=\"color: #857040;\"><strong style=\"font-size: 14px;\">Aufsichtsbeh\u00f6rde\/Gewerbebeh\u00f6rde:<\/strong><span style=\"font-size: 14px;\">\u00a0BH Oberpullendorf<br \/><\/span><strong style=\"font-size: 14px;\">Berufsbezeichnung:<\/strong><span style=\"font-size: 14px;\">\u00a0<br \/><\/span><strong style=\"font-size: 14px;\">Verleihungsstaat:<\/strong><span style=\"font-size: 14px;\">\u00a0\u00d6sterreich<\/span><span style=\"font-size: 14px;\"><br \/><\/span><\/span><\/p>\n<p><span style=\"color: #857040;\">Quelle: Erstellt\u00a0mit dem\u00a0<a href=\"https:\/\/www.firmenwebseiten.at\/impressum-generator\/\" style=\"color: #857040;\">Impressum Generator von firmenwebseiten.at<\/a>\u00a0in Kooperation mit\u00a0<a href=\"https:\/\/www.webdeals.at\/\" style=\"color: #857040;\">webdeals.at<\/a><\/span><\/p>\n<p><span style=\"color: #857040; font-size: 14px;\"><strong>EU-Streitschlichtung<\/strong><\/span><\/p>\n<p><span style=\"color: #857040;\">Gem\u00e4\u00df Verordnung \u00fcber Online-Streitbeilegung in Verbraucherangelegenheiten (ODR-Verordnung) m\u00f6chten wir Sie \u00fcber die Online-Streitbeilegungsplattform (OS-Plattform) informieren.<\/span><br \/><span style=\"color: #857040;\">Verbraucher haben die M\u00f6glichkeit, Beschwerden an die Online Streitbeilegungsplattform der Europ\u00e4ischen Kommission unter\u00a0<a href=\"https:\/\/ec.europa.eu\/consumers\/odr\/main\/index.cfm?event=main.home2.show&#038;lng=DE\" style=\"color: #857040;\">http:\/\/ec.europa.eu\/odr?tid=221078866<\/a>\u00a0zu richten. Die daf\u00fcr notwendigen Kontaktdaten finden Sie oberhalb in unserem Impressum.<\/span><br \/><span style=\"font-size: 14px; color: #857040;\">Wir m\u00f6chten Sie jedoch darauf hinweisen, dass wir nicht bereit oder verpflichtet sind, an Streitbeilegungsverfahren vor einer Verbraucherschlichtungsstelle teilzunehmen.<\/span><\/p>\n<p><span style=\"color: #857040; font-size: 14px;\"><strong>Haftung f\u00fcr Inhalte dieser Webseite<\/strong><\/span><\/p>\n<p><span style=\"color: #857040;\">Wir entwickeln die Inhalte dieser Webseite st\u00e4ndig weiter und bem\u00fchen uns korrekte und aktuelle Informationen bereitzustellen. Leider k\u00f6nnen wir keine Haftung f\u00fcr die Korrektheit aller Inhalte auf dieser Webseite \u00fcbernehmen, speziell f\u00fcr jene die seitens Dritter bereitgestellt wurden.<\/span><br \/><span style=\"font-size: 14px; color: #857040;\">Sollten Ihnen problematische oder rechtswidrige Inhalte auffallen, bitte wir Sie uns umgehend zu kontaktieren, Sie finden die Kontaktdaten im Impressum.<\/span><\/p>\n<p><span style=\"color: #857040; font-size: 14px;\"><strong>Haftung f\u00fcr Links auf dieser Webseite<\/strong><\/span><\/p>\n<p><span style=\"color: #857040;\">Unsere Webseite enth\u00e4lt Links zu anderen Webseiten f\u00fcr deren Inhalt wir nicht verantwortlich sind. Haftung f\u00fcr verlinkte Websites besteht laut\u00a0<a href=\"https:\/\/www.ris.bka.gv.at\/Dokument.wxe?Abfrage=Bundesnormen&#038;Dokumentnummer=NOR40025813&#038;tid=221078866\" style=\"color: #857040;\">\u00a7 17 ECG<\/a>\u00a0f\u00fcr uns nicht, da wir keine Kenntnis rechtswidriger T\u00e4tigkeiten hatten und haben, uns solche Rechtswidrigkeiten auch bisher nicht aufgefallen sind und wir Links sofort entfernen w\u00fcrden, wenn uns Rechtswidrigkeiten bekannt werden.<\/span><br \/><span style=\"font-size: 14px; color: #857040;\">Wenn Ihnen rechtswidrige Links auf unserer Website auffallen, bitte wir Sie uns zu kontaktieren, Sie finden die Kontaktdaten im Impressum.<\/span><\/p>\n<p><span style=\"color: #857040; font-size: 14px;\"><strong>Urheberrechtshinweis<\/strong><\/span><\/p>\n<p><span style=\"color: #857040;\">Alle Inhalte dieser Webseite (Bilder, Fotos, Texte, Videos) unterliegen dem Urheberrecht. Falls notwendig, werden wir die unerlaubte Nutzung von Teilen der Inhalte unserer Seite rechtlich verfolgen.<\/span><\/p>\n<p><span style=\"color: #857040; font-size: 14px;\"><strong>Bildernachweis<\/strong><\/span><\/p>\n<p><span style=\"color: #857040;\">Die Bilder, Fotos und Grafiken auf dieser Webseite sind urheberrechtlich gesch\u00fctzt.<\/span><br \/><span style=\"color: #857040;\"><span style=\"font-size: 14px;\">Die Bilderrechte liegen bei den folgenden Fotografen und Unternehmen:\u00a0<\/span><span style=\"font-size: 14px;\">hafners.at, kerstinger.at<\/span><\/span><\/p>\n<p><span style=\"color: #857040;\">\u00a0<\/span><\/p>\n<p>[\/et_pb_text][\/et_pb_column][\/et_pb_row][\/et_pb_section]<\/p>\n","protected":false},"excerpt":{"rendered":"<p>IMPRESSUM Informationspflicht laut \u00a75 E-Commerce Gesetz, \u00a714 Unternehmensgesetzbuch, \u00a763 Gewerbeordnung und Offenlegungspflicht laut \u00a725 Mediengesetz. Weingut KerstingerGerald Heincz und Mitges.Hofstatt 177311 Neckenmarkt\u00d6sterreichTel.:\u00a00664\/5105295E-Mail:\u00a0wein@kerstinger.at \u00a0 Unternehmensgegenstand:UID-Nummer:\u00a0 Mitglied bei:\u00a0Berufsrecht:\u00a0 Aufsichtsbeh\u00f6rde\/Gewerbebeh\u00f6rde:\u00a0BH OberpullendorfBerufsbezeichnung:\u00a0Verleihungsstaat:\u00a0\u00d6sterreich Quelle: Erstellt\u00a0mit dem\u00a0Impressum Generator von firmenwebseiten.at\u00a0in Kooperation mit\u00a0webdeals.at EU-Streitschlichtung Gem\u00e4\u00df Verordnung \u00fcber Online-Streitbeilegung in Verbraucherangelegenheiten (ODR-Verordnung) m\u00f6chten wir Sie \u00fcber die Online-Streitbeilegungsplattform (OS-Plattform) informieren.Verbraucher haben die M\u00f6glichkeit, [&hellip;]<\/p>\n","protected":false},"author":2,"featured_media":0,"parent":0,"menu_order":0,"comment_status":"closed","ping_status":"closed","template":"","meta":{"_et_pb_use_builder":"on","_et_pb_old_content":"<!-- wp:divi\/layout -->\r\n<div class=\"wp-block-divi-layout\">[et_pb_section fb_built=\"1\" _builder_version=\"4.5.1\" _module_preset=\"default\" background_color=\"#000000\" background_enable_image=\"off\"][et_pb_row _builder_version=\"4.5.1\" _module_preset=\"default\"][et_pb_column type=\"4_4\" _builder_version=\"4.5.1\" _module_preset=\"default\"][et_pb_text admin_label=\"Text\" _builder_version=\"4.5.1\" _module_preset=\"default\"]\r\n<h1><span style=\"color: #ffffff;\">IMPRESSUM<\/span><\/h1>\r\n<p>Informationspflicht laut \u00a75 E-Commerce Gesetz, \u00a714 Unternehmensgesetzbuch, \u00a763 Gewerbeordnung und Offenlegungspflicht laut \u00a725 Mediengesetz.<\/p>\r\n<p>Weingut Kerstinger<br \/>Gerald Heincz und Mitges.<br \/>Hofstatt 17<br \/>7311 Neckenmarkt<br \/>\u00d6sterreich<br \/><strong style=\"font-size: 14px;\">Tel.:<\/strong><span style=\"font-size: 14px;\">\u00a00664\/5105295<br \/><\/span><strong style=\"font-size: 14px;\">E-Mail:<\/strong><span style=\"font-size: 14px;\">\u00a0<\/span><a style=\"font-size: 14px;\" href=\"mailto:office@hafners.at\">wein@kerstinger.at<\/a><span style=\"font-size: 14px;\"><br \/><\/span><\/p>\r\n<p>\u00a0<\/p>\r\n<p><strong style=\"font-size: 14px;\">Unternehmensgegenstand:<br \/><\/strong><strong style=\"font-size: 14px;\">UID-Nummer:<\/strong><span style=\"font-size: 14px;\">\u00a0<\/span><span style=\"font-size: 14px;\"><br \/><\/span><\/p>\r\n<p><strong style=\"font-size: 14px;\">Mitglied bei:<\/strong><span style=\"font-size: 14px;\">\u00a0<br \/><\/span><strong style=\"font-size: 14px;\">Berufsrecht:<\/strong><span style=\"font-size: 14px;\">\u00a0<\/span><span style=\"font-size: 14px;\"><br \/><\/span><\/p>\r\n<p><strong style=\"font-size: 14px;\">Aufsichtsbeh\u00f6rde\/Gewerbebeh\u00f6rde:<\/strong><span style=\"font-size: 14px;\">\u00a0BH Oberpullendorf<br \/><\/span><strong style=\"font-size: 14px;\">Berufsbezeichnung:<\/strong><span style=\"font-size: 14px;\">\u00a0<br \/><\/span><strong style=\"font-size: 14px;\">Verleihungsstaat:<\/strong><span style=\"font-size: 14px;\">\u00a0\u00d6sterreich<\/span><span style=\"font-size: 14px;\"><br \/><\/span><\/p>\r\n<p>Quelle: Erstellt\u00a0mit dem\u00a0<a href=\"https:\/\/www.firmenwebseiten.at\/impressum-generator\/\">Impressum Generator von firmenwebseiten.at<\/a>\u00a0in Kooperation mit\u00a0<a href=\"https:\/\/www.webdeals.at\/\">webdeals.at<\/a><\/p>\r\n<p><strong style=\"font-size: 14px;\">EU-Streitschlichtung<\/strong><\/p>\r\n<p>Gem\u00e4\u00df Verordnung \u00fcber Online-Streitbeilegung in Verbraucherangelegenheiten (ODR-Verordnung) m\u00f6chten wir Sie \u00fcber die Online-Streitbeilegungsplattform (OS-Plattform) informieren.<br \/>Verbraucher haben die M\u00f6glichkeit, Beschwerden an die Online Streitbeilegungsplattform der Europ\u00e4ischen Kommission unter\u00a0<a href=\"https:\/\/ec.europa.eu\/consumers\/odr\/main\/index.cfm?event=main.home2.show&lng=DE\">http:\/\/ec.europa.eu\/odr?tid=221078866<\/a>\u00a0zu richten. Die daf\u00fcr notwendigen Kontaktdaten finden Sie oberhalb in unserem Impressum.<br \/><span style=\"font-size: 14px;\">Wir m\u00f6chten Sie jedoch darauf hinweisen, dass wir nicht bereit oder verpflichtet sind, an Streitbeilegungsverfahren vor einer Verbraucherschlichtungsstelle teilzunehmen.<\/span><\/p>\r\n<p><strong style=\"font-size: 14px;\">Haftung f\u00fcr Inhalte dieser Webseite<\/strong><\/p>\r\n<p>Wir entwickeln die Inhalte dieser Webseite st\u00e4ndig weiter und bem\u00fchen uns korrekte und aktuelle Informationen bereitzustellen. Leider k\u00f6nnen wir keine Haftung f\u00fcr die Korrektheit aller Inhalte auf dieser Webseite \u00fcbernehmen, speziell f\u00fcr jene die seitens Dritter bereitgestellt wurden.<br \/><span style=\"font-size: 14px;\">Sollten Ihnen problematische oder rechtswidrige Inhalte auffallen, bitte wir Sie uns umgehend zu kontaktieren, Sie finden die Kontaktdaten im Impressum.<\/span><\/p>\r\n<p><strong style=\"font-size: 14px;\">Haftung f\u00fcr Links auf dieser Webseite<\/strong><\/p>\r\n<p>Unsere Webseite enth\u00e4lt Links zu anderen Webseiten f\u00fcr deren Inhalt wir nicht verantwortlich sind. Haftung f\u00fcr verlinkte Websites besteht laut\u00a0<a href=\"https:\/\/www.ris.bka.gv.at\/Dokument.wxe?Abfrage=Bundesnormen&Dokumentnummer=NOR40025813&tid=221078866\">\u00a7 17 ECG<\/a>\u00a0f\u00fcr uns nicht, da wir keine Kenntnis rechtswidriger T\u00e4tigkeiten hatten und haben, uns solche Rechtswidrigkeiten auch bisher nicht aufgefallen sind und wir Links sofort entfernen w\u00fcrden, wenn uns Rechtswidrigkeiten bekannt werden.<br \/><span style=\"font-size: 14px;\">Wenn Ihnen rechtswidrige Links auf unserer Website auffallen, bitte wir Sie uns zu kontaktieren, Sie finden die Kontaktdaten im Impressum.<\/span><\/p>\r\n<p><strong style=\"font-size: 14px;\">Urheberrechtshinweis<\/strong><\/p>\r\n<p>Alle Inhalte dieser Webseite (Bilder, Fotos, Texte, Videos) unterliegen dem Urheberrecht. Falls notwendig, werden wir die unerlaubte Nutzung von Teilen der Inhalte unserer Seite rechtlich verfolgen.<\/p>\r\n<p><strong style=\"font-size: 14px;\">Bildernachweis<\/strong><\/p>\r\n<p>Die Bilder, Fotos und Grafiken auf dieser Webseite sind urheberrechtlich gesch\u00fctzt.<br \/><span style=\"font-size: 14px;\">Die Bilderrechte liegen bei den folgenden Fotografen und Unternehmen:\u00a0<\/span><span style=\"font-size: 14px;\">hafners.at, kerstinger.at<\/span><\/p>\r\n<p>\u00a0<\/p>\r\n[\/et_pb_text][\/et_pb_column][\/et_pb_row][\/et_pb_section]<\/div>\r\n<!-- \/wp:divi\/layout -->","_et_gb_content_width":"2880","footnotes":""},"class_list":["post-285","page","type-page","status-publish","hentry"],"_links":{"self":[{"href":"https:\/\/kerstinger.hafners.eu\/cms\/index.php\/wp-json\/wp\/v2\/pages\/285","targetHints":{"allow":["GET"]}}],"collection":[{"href":"https:\/\/kerstinger.hafners.eu\/cms\/index.php\/wp-json\/wp\/v2\/pages"}],"about":[{"href":"https:\/\/kerstinger.hafners.eu\/cms\/index.php\/wp-json\/wp\/v2\/types\/page"}],"author":[{"embeddable":true,"href":"https:\/\/kerstinger.hafners.eu\/cms\/index.php\/wp-json\/wp\/v2\/users\/2"}],"replies":[{"embeddable":true,"href":"https:\/\/kerstinger.hafners.eu\/cms\/index.php\/wp-json\/wp\/v2\/comments?post=285"}],"version-history":[{"count":19,"href":"https:\/\/kerstinger.hafners.eu\/cms\/index.php\/wp-json\/wp\/v2\/pages\/285\/revisions"}],"predecessor-version":[{"id":548,"href":"https:\/\/kerstinger.hafners.eu\/cms\/index.php\/wp-json\/wp\/v2\/pages\/285\/revisions\/548"}],"wp:attachment":[{"href":"https:\/\/kerstinger.hafners.eu\/cms\/index.php\/wp-json\/wp\/v2\/media?parent=285"}],"curies":[{"name":"wp","href":"https:\/\/api.w.org\/{rel}","templated":true}]}}