{"id":373,"date":"2020-07-15T11:26:06","date_gmt":"2020-07-15T11:26:06","guid":{"rendered":"https:\/\/kerstinger.hafners.eu\/cms\/?page_id=373"},"modified":"2020-07-15T15:09:50","modified_gmt":"2020-07-15T15:09:50","slug":"agb","status":"publish","type":"page","link":"https:\/\/kerstinger.hafners.eu\/cms\/index.php\/agb\/","title":{"rendered":"AGB"},"content":{"rendered":"<p>[et_pb_section fb_built=&#8220;1&#8243; _builder_version=&#8220;4.5.1&#8243; _module_preset=&#8220;default&#8220; background_color=&#8220;#000000&#8243; background_enable_image=&#8220;off&#8220; vertical_offset_tablet=&#8220;0&#8243; horizontal_offset_tablet=&#8220;0&#8243; width=&#8220;100%&#8220; max_width=&#8220;100%&#8220; hover_enabled=&#8220;0&#8243; z_index_tablet=&#8220;0&#8243; box_shadow_horizontal_tablet=&#8220;0px&#8220; box_shadow_vertical_tablet=&#8220;0px&#8220; box_shadow_blur_tablet=&#8220;40px&#8220; box_shadow_spread_tablet=&#8220;0px&#8220; border_width_top=&#8220;2px&#8220; border_color_top=&#8220;#857040&#8243; border_width_bottom=&#8220;2px&#8220; border_color_bottom=&#8220;#857040&#8243;][et_pb_row _builder_version=&#8220;4.5.1&#8243; _module_preset=&#8220;default&#8220;][et_pb_column type=&#8220;4_4&#8243; _builder_version=&#8220;3.0.47&#8243; custom_padding=&#8220;|||&#8220; custom_padding__hover=&#8220;|||&#8220;][et_pb_text _builder_version=&#8220;4.5.1&#8243; _module_preset=&#8220;default&#8220;]<\/p>\n<h1>AGB<\/h1>\n<p>Sie k\u00f6nnen unsere Weine direkt bei uns am Weingut kaufen, oder einfach im Online Shop, gerne auch telefonisch unter +43 664 4100128\u00a0 und per Mail an wein@kerstinger.at bestellen. Mit Ihrer Bestellung akzeptieren Sie unsere allgemeinen Gesch\u00e4ftsbedingungen:<\/p>\n<p><strong>Lieferzeit<\/strong><\/p>\n<p>Bestellungen werden meist umgehend, zumindest innerhalb von zwei Werktagen bearbeitet und im Regelfall innerhalb von zwei bis f\u00fcnf Werktagen zugestellt.<\/p>\n<p><strong>Bezahlung<\/strong><\/p>\n<p>Die im Shop angegebenen Preise verstehen sich pro Flasche f\u00fcr Letztverbraucher ab Hof inkl. aller in \u00d6sterreich vorgeschriebenen Abgaben. Die Bezahlung erfolgt im Voraus. Die Ware bleibt bis zur vollst\u00e4ndigen Bezahlung unser Eigentum.<\/p>\n<p><strong>Transportkosten und Mindestbestellmenge<\/strong><\/p>\n<p>Der Versand erfolgt auf Gefahr des K\u00e4ufers. Wir berechnen einen Transportkostenanteil f\u00fcr alle Lieferungen, ab einem Bestellwert von EUR 300,00 entf\u00e4llt dieser.<\/p>\n<p>\u00d6sterreich (DPD-Paketdienst oder RailCargo Austria):<\/p>\n<ul>\n<li>3er Karton: \u20ac 6,00<\/li>\n<li>6er Karton: \u20ac 7,60<\/li>\n<li>12er Karton: \u20ac 9,90<\/li>\n<\/ul>\n<p>Deutschland (DPD-Paketdienst)<\/p>\n<ul>\n<li>3er Karton: \u20ac 13,00<\/li>\n<li>6er Karton: \u20ac 15,22<\/li>\n<li>12er Karton: \u20ac 18,22<\/li>\n<\/ul>\n<p>Transportkosten in andere L\u00e4nder und f\u00fcr gr\u00f6\u00dfere Mengen teilen wir Ihnen gerne auf Anfrage mit.<\/p>\n<p>Es gibt keine Mindestbestellmenge, der Transportkostenanteil betr\u00e4gt jedoch mindestens \u20ac 6,00.<\/p>\n<p><strong>Reklamationen<\/strong><\/p>\n<p>Wir \u00fcberpr\u00fcfen alle Produkte vor dem Versand, verpacken sie sehr sorgf\u00e4ltig und verschicken Sie nur mit verl\u00e4sslichen Partnern. Trotzdem k\u00f6nnen manchmal Fehler passieren, oder Ihre Produkte besch\u00e4digt werden. Bitte \u00fcberpr\u00fcfen Sie daher Ihre Lieferung sofort nach Erhalt auf Vollst\u00e4ndigkeit und Unversehrtheit. Bei Sch\u00e4den oder sonstigen Fehlern kontaktieren Sie uns bitte innerhalb von f\u00fcnf Werktagen ab Zustellung. Reklamationen zu einem sp\u00e4teren Zeitpunkt k\u00f6nnen nicht anerkannt werden. F\u00fcr Transportsch\u00e4den, die vom Transportunternehmen best\u00e4tigt werden, leisten wir Ersatz.<\/p>\n<p><strong>Vollj\u00e4hrigkeit<\/strong><\/p>\n<p>An Jugendliche unter 16 Jahren erfolgt kein Verkauf. Mit Ihrer Bestellung best\u00e4tigen Sie, vollj\u00e4hrig zu sein.<\/p>\n<p><strong>Datenschutz<\/strong><\/p>\n<p>Daten, die im Shop, Kontaktformular oder per E-Mail-Bestellung angegeben werden, k\u00f6nnen ohne weitere Zustimmung des Empf\u00e4ngers vom Weingut Hafner zur Bestellabwicklung sowie f\u00fcr Informations- und Marketingzwecke verarbeitet, gespeichert und genutzt werden. Sollten Sie dies zu irgendeinem Zeitpunkt wiederrufen m\u00f6chten, schreiben Sie uns einfach ein E-Mail an genuss@hafners.at.<\/p>\n<p><strong>Gerichtsstand<\/strong><\/p>\n<p>Als Gerichtsstand gilt Oberpullendorf.<\/p>\n<p>&nbsp;<\/p>\n<p>[\/et_pb_text][\/et_pb_column][\/et_pb_row][\/et_pb_section]<\/p>\n","protected":false},"excerpt":{"rendered":"<p>AGB Sie k\u00f6nnen unsere Weine direkt bei uns am Weingut kaufen, oder einfach im Online Shop, gerne auch telefonisch unter +43 664 4100128\u00a0 und per Mail an wein@kerstinger.at bestellen. Mit Ihrer Bestellung akzeptieren Sie unsere allgemeinen Gesch\u00e4ftsbedingungen: Lieferzeit Bestellungen werden meist umgehend, zumindest innerhalb von zwei Werktagen bearbeitet und im Regelfall innerhalb von zwei bis [&hellip;]<\/p>\n","protected":false},"author":2,"featured_media":0,"parent":0,"menu_order":0,"comment_status":"closed","ping_status":"closed","template":"","meta":{"_et_pb_use_builder":"on","_et_pb_old_content":"","_et_gb_content_width":"","footnotes":""},"class_list":["post-373","page","type-page","status-publish","hentry"],"_links":{"self":[{"href":"https:\/\/kerstinger.hafners.eu\/cms\/index.php\/wp-json\/wp\/v2\/pages\/373","targetHints":{"allow":["GET"]}}],"collection":[{"href":"https:\/\/kerstinger.hafners.eu\/cms\/index.php\/wp-json\/wp\/v2\/pages"}],"about":[{"href":"https:\/\/kerstinger.hafners.eu\/cms\/index.php\/wp-json\/wp\/v2\/types\/page"}],"author":[{"embeddable":true,"href":"https:\/\/kerstinger.hafners.eu\/cms\/index.php\/wp-json\/wp\/v2\/users\/2"}],"replies":[{"embeddable":true,"href":"https:\/\/kerstinger.hafners.eu\/cms\/index.php\/wp-json\/wp\/v2\/comments?post=373"}],"version-history":[{"count":3,"href":"https:\/\/kerstinger.hafners.eu\/cms\/index.php\/wp-json\/wp\/v2\/pages\/373\/revisions"}],"predecessor-version":[{"id":551,"href":"https:\/\/kerstinger.hafners.eu\/cms\/index.php\/wp-json\/wp\/v2\/pages\/373\/revisions\/551"}],"wp:attachment":[{"href":"https:\/\/kerstinger.hafners.eu\/cms\/index.php\/wp-json\/wp\/v2\/media?parent=373"}],"curies":[{"name":"wp","href":"https:\/\/api.w.org\/{rel}","templated":true}]}}